{"id":3313,"date":"2026-01-05T09:35:28","date_gmt":"2026-01-05T09:35:28","guid":{"rendered":"https:\/\/thereelcrew.com\/?page_id=3313"},"modified":"2026-01-05T09:37:22","modified_gmt":"2026-01-05T09:37:22","slug":"oktatas","status":"publish","type":"page","link":"https:\/\/thereelcrew.com\/index.php\/oktatas\/","title":{"rendered":"Oktat\u00e1s"},"content":{"rendered":"\n<figure class=\"wp-block-image size-large\"><img loading=\"lazy\" decoding=\"async\" width=\"1024\" height=\"559\" src=\"https:\/\/thereelcrew.com\/wp-content\/uploads\/2025\/07\/qq-1024x559.jpg\" alt=\"\" class=\"wp-image-2277\" srcset=\"https:\/\/thereelcrew.com\/wp-content\/uploads\/2025\/07\/qq-1024x559.jpg 1024w, https:\/\/thereelcrew.com\/wp-content\/uploads\/2025\/07\/qq-scaled-542x296.jpg 542w, https:\/\/thereelcrew.com\/wp-content\/uploads\/2025\/07\/qq-300x164.jpg 300w, https:\/\/thereelcrew.com\/wp-content\/uploads\/2025\/07\/qq-768x419.jpg 768w, https:\/\/thereelcrew.com\/wp-content\/uploads\/2025\/07\/qq-1536x838.jpg 1536w, https:\/\/thereelcrew.com\/wp-content\/uploads\/2025\/07\/qq-2048x1117.jpg 2048w, https:\/\/thereelcrew.com\/wp-content\/uploads\/2025\/07\/qq-1320x720.jpg 1320w\" sizes=\"auto, (max-width: 1024px) 100vw, 1024px\" \/><\/figure>\n\n\n\n<p>Hamarosan j\u00f6nnek a r\u00e9szletek \ud83d\ude42<\/p>\n","protected":false},"excerpt":{"rendered":"<p>Hamarosan j\u00f6nnek a r\u00e9szletek \ud83d\ude42<\/p>\n","protected":false},"author":3,"featured_media":0,"parent":0,"menu_order":0,"comment_status":"closed","ping_status":"closed","template":"","meta":{"footnotes":""},"class_list":["post-3313","page","type-page","status-publish","hentry"],"yoast_head":"<!-- This site is optimized with the Yoast SEO plugin v27.4 - https:\/\/yoast.com\/product\/yoast-seo-wordpress\/ -->\n<title>Oktat\u00e1s - The Reelcrew<\/title>\n<meta name=\"robots\" content=\"index, follow, max-snippet:-1, max-image-preview:large, max-video-preview:-1\" \/>\n<link rel=\"canonical\" href=\"https:\/\/thereelcrew.com\/index.php\/oktatas\/\" \/>\n<meta property=\"og:locale\" content=\"hu_HU\" \/>\n<meta property=\"og:type\" content=\"article\" \/>\n<meta property=\"og:title\" content=\"Oktat\u00e1s - The Reelcrew\" \/>\n<meta property=\"og:description\" content=\"Hamarosan j\u00f6nnek a r\u00e9szletek \ud83d\ude42\" \/>\n<meta property=\"og:url\" content=\"https:\/\/thereelcrew.com\/index.php\/oktatas\/\" \/>\n<meta property=\"og:site_name\" content=\"The Reelcrew\" \/>\n<meta property=\"article:modified_time\" content=\"2026-01-05T09:37:22+00:00\" \/>\n<meta property=\"og:image\" content=\"https:\/\/thereelcrew.com\/wp-content\/uploads\/2025\/07\/qq-scaled.jpg\" \/>\n\t<meta property=\"og:image:width\" content=\"2560\" \/>\n\t<meta property=\"og:image:height\" content=\"1396\" \/>\n\t<meta property=\"og:image:type\" content=\"image\/jpeg\" \/>\n<meta name=\"twitter:card\" content=\"summary_large_image\" \/>\n<meta name=\"twitter:label1\" content=\"Becs\u00fclt olvas\u00e1si id\u0151\" \/>\n\t<meta name=\"twitter:data1\" content=\"1 perc\" \/>\n<script type=\"application\/ld+json\" class=\"yoast-schema-graph\">{\"@context\":\"https:\\\/\\\/schema.org\",\"@graph\":[{\"@type\":\"WebPage\",\"@id\":\"https:\\\/\\\/thereelcrew.com\\\/index.php\\\/oktatas\\\/\",\"url\":\"https:\\\/\\\/thereelcrew.com\\\/index.php\\\/oktatas\\\/\",\"name\":\"Oktat\u00e1s - The Reelcrew\",\"isPartOf\":{\"@id\":\"https:\\\/\\\/thereelcrew.com\\\/#website\"},\"primaryImageOfPage\":{\"@id\":\"https:\\\/\\\/thereelcrew.com\\\/index.php\\\/oktatas\\\/#primaryimage\"},\"image\":{\"@id\":\"https:\\\/\\\/thereelcrew.com\\\/index.php\\\/oktatas\\\/#primaryimage\"},\"thumbnailUrl\":\"https:\\\/\\\/thereelcrew.com\\\/wp-content\\\/uploads\\\/2025\\\/07\\\/qq-1024x559.jpg\",\"datePublished\":\"2026-01-05T09:35:28+00:00\",\"dateModified\":\"2026-01-05T09:37:22+00:00\",\"breadcrumb\":{\"@id\":\"https:\\\/\\\/thereelcrew.com\\\/index.php\\\/oktatas\\\/#breadcrumb\"},\"inLanguage\":\"hu\",\"potentialAction\":[{\"@type\":\"ReadAction\",\"target\":[\"https:\\\/\\\/thereelcrew.com\\\/index.php\\\/oktatas\\\/\"]}]},{\"@type\":\"ImageObject\",\"inLanguage\":\"hu\",\"@id\":\"https:\\\/\\\/thereelcrew.com\\\/index.php\\\/oktatas\\\/#primaryimage\",\"url\":\"https:\\\/\\\/thereelcrew.com\\\/wp-content\\\/uploads\\\/2025\\\/07\\\/qq-scaled.jpg\",\"contentUrl\":\"https:\\\/\\\/thereelcrew.com\\\/wp-content\\\/uploads\\\/2025\\\/07\\\/qq-scaled.jpg\",\"width\":2560,\"height\":1396},{\"@type\":\"BreadcrumbList\",\"@id\":\"https:\\\/\\\/thereelcrew.com\\\/index.php\\\/oktatas\\\/#breadcrumb\",\"itemListElement\":[{\"@type\":\"ListItem\",\"position\":1,\"name\":\"Kezd\u0151lap\",\"item\":\"https:\\\/\\\/thereelcrew.com\\\/\"},{\"@type\":\"ListItem\",\"position\":2,\"name\":\"Oktat\u00e1s\"}]},{\"@type\":\"WebSite\",\"@id\":\"https:\\\/\\\/thereelcrew.com\\\/#website\",\"url\":\"https:\\\/\\\/thereelcrew.com\\\/\",\"name\":\"The Reelcrew\",\"description\":\"\u00c9rtelmet adunk a k\u00e9peknek.\",\"publisher\":{\"@id\":\"https:\\\/\\\/thereelcrew.com\\\/#organization\"},\"potentialAction\":[{\"@type\":\"SearchAction\",\"target\":{\"@type\":\"EntryPoint\",\"urlTemplate\":\"https:\\\/\\\/thereelcrew.com\\\/?s={search_term_string}\"},\"query-input\":{\"@type\":\"PropertyValueSpecification\",\"valueRequired\":true,\"valueName\":\"search_term_string\"}}],\"inLanguage\":\"hu\"},{\"@type\":\"Organization\",\"@id\":\"https:\\\/\\\/thereelcrew.com\\\/#organization\",\"name\":\"The Reelcrew\",\"url\":\"https:\\\/\\\/thereelcrew.com\\\/\",\"logo\":{\"@type\":\"ImageObject\",\"inLanguage\":\"hu\",\"@id\":\"https:\\\/\\\/thereelcrew.com\\\/#\\\/schema\\\/logo\\\/image\\\/\",\"url\":\"https:\\\/\\\/thereelcrew.com\\\/wp-content\\\/uploads\\\/2026\\\/01\\\/cropped-sitelogo2_inv.png\",\"contentUrl\":\"https:\\\/\\\/thereelcrew.com\\\/wp-content\\\/uploads\\\/2026\\\/01\\\/cropped-sitelogo2_inv.png\",\"width\":230,\"height\":93,\"caption\":\"The Reelcrew\"},\"image\":{\"@id\":\"https:\\\/\\\/thereelcrew.com\\\/#\\\/schema\\\/logo\\\/image\\\/\"}}]}<\/script>\n<!-- \/ Yoast SEO plugin. -->","yoast_head_json":{"title":"Oktat\u00e1s - The Reelcrew","robots":{"index":"index","follow":"follow","max-snippet":"max-snippet:-1","max-image-preview":"max-image-preview:large","max-video-preview":"max-video-preview:-1"},"canonical":"https:\/\/thereelcrew.com\/index.php\/oktatas\/","og_locale":"hu_HU","og_type":"article","og_title":"Oktat\u00e1s - The Reelcrew","og_description":"Hamarosan j\u00f6nnek a r\u00e9szletek \ud83d\ude42","og_url":"https:\/\/thereelcrew.com\/index.php\/oktatas\/","og_site_name":"The Reelcrew","article_modified_time":"2026-01-05T09:37:22+00:00","og_image":[{"width":2560,"height":1396,"url":"https:\/\/thereelcrew.com\/wp-content\/uploads\/2025\/07\/qq-scaled.jpg","type":"image\/jpeg"}],"twitter_card":"summary_large_image","twitter_misc":{"Becs\u00fclt olvas\u00e1si id\u0151":"1 perc"},"schema":{"@context":"https:\/\/schema.org","@graph":[{"@type":"WebPage","@id":"https:\/\/thereelcrew.com\/index.php\/oktatas\/","url":"https:\/\/thereelcrew.com\/index.php\/oktatas\/","name":"Oktat\u00e1s - The Reelcrew","isPartOf":{"@id":"https:\/\/thereelcrew.com\/#website"},"primaryImageOfPage":{"@id":"https:\/\/thereelcrew.com\/index.php\/oktatas\/#primaryimage"},"image":{"@id":"https:\/\/thereelcrew.com\/index.php\/oktatas\/#primaryimage"},"thumbnailUrl":"https:\/\/thereelcrew.com\/wp-content\/uploads\/2025\/07\/qq-1024x559.jpg","datePublished":"2026-01-05T09:35:28+00:00","dateModified":"2026-01-05T09:37:22+00:00","breadcrumb":{"@id":"https:\/\/thereelcrew.com\/index.php\/oktatas\/#breadcrumb"},"inLanguage":"hu","potentialAction":[{"@type":"ReadAction","target":["https:\/\/thereelcrew.com\/index.php\/oktatas\/"]}]},{"@type":"ImageObject","inLanguage":"hu","@id":"https:\/\/thereelcrew.com\/index.php\/oktatas\/#primaryimage","url":"https:\/\/thereelcrew.com\/wp-content\/uploads\/2025\/07\/qq-scaled.jpg","contentUrl":"https:\/\/thereelcrew.com\/wp-content\/uploads\/2025\/07\/qq-scaled.jpg","width":2560,"height":1396},{"@type":"BreadcrumbList","@id":"https:\/\/thereelcrew.com\/index.php\/oktatas\/#breadcrumb","itemListElement":[{"@type":"ListItem","position":1,"name":"Kezd\u0151lap","item":"https:\/\/thereelcrew.com\/"},{"@type":"ListItem","position":2,"name":"Oktat\u00e1s"}]},{"@type":"WebSite","@id":"https:\/\/thereelcrew.com\/#website","url":"https:\/\/thereelcrew.com\/","name":"The Reelcrew","description":"\u00c9rtelmet adunk a k\u00e9peknek.","publisher":{"@id":"https:\/\/thereelcrew.com\/#organization"},"potentialAction":[{"@type":"SearchAction","target":{"@type":"EntryPoint","urlTemplate":"https:\/\/thereelcrew.com\/?s={search_term_string}"},"query-input":{"@type":"PropertyValueSpecification","valueRequired":true,"valueName":"search_term_string"}}],"inLanguage":"hu"},{"@type":"Organization","@id":"https:\/\/thereelcrew.com\/#organization","name":"The Reelcrew","url":"https:\/\/thereelcrew.com\/","logo":{"@type":"ImageObject","inLanguage":"hu","@id":"https:\/\/thereelcrew.com\/#\/schema\/logo\/image\/","url":"https:\/\/thereelcrew.com\/wp-content\/uploads\/2026\/01\/cropped-sitelogo2_inv.png","contentUrl":"https:\/\/thereelcrew.com\/wp-content\/uploads\/2026\/01\/cropped-sitelogo2_inv.png","width":230,"height":93,"caption":"The Reelcrew"},"image":{"@id":"https:\/\/thereelcrew.com\/#\/schema\/logo\/image\/"}}]}},"_links":{"self":[{"href":"https:\/\/thereelcrew.com\/index.php\/wp-json\/wp\/v2\/pages\/3313","targetHints":{"allow":["GET"]}}],"collection":[{"href":"https:\/\/thereelcrew.com\/index.php\/wp-json\/wp\/v2\/pages"}],"about":[{"href":"https:\/\/thereelcrew.com\/index.php\/wp-json\/wp\/v2\/types\/page"}],"author":[{"embeddable":true,"href":"https:\/\/thereelcrew.com\/index.php\/wp-json\/wp\/v2\/users\/3"}],"replies":[{"embeddable":true,"href":"https:\/\/thereelcrew.com\/index.php\/wp-json\/wp\/v2\/comments?post=3313"}],"version-history":[{"count":2,"href":"https:\/\/thereelcrew.com\/index.php\/wp-json\/wp\/v2\/pages\/3313\/revisions"}],"predecessor-version":[{"id":3316,"href":"https:\/\/thereelcrew.com\/index.php\/wp-json\/wp\/v2\/pages\/3313\/revisions\/3316"}],"wp:attachment":[{"href":"https:\/\/thereelcrew.com\/index.php\/wp-json\/wp\/v2\/media?parent=3313"}],"curies":[{"name":"wp","href":"https:\/\/api.w.org\/{rel}","templated":true}]}}